{"id":7,"date":"2017-04-17T15:16:41","date_gmt":"2017-04-17T15:16:41","guid":{"rendered":"https:\/\/renegadehotel.hu\/?page_id=7"},"modified":"2017-05-25T16:09:00","modified_gmt":"2017-05-25T16:09:00","slug":"fooldal","status":"publish","type":"page","link":"https:\/\/renegadehotel.hu\/en\/","title":{"rendered":"Home"},"content":{"rendered":"<div class=\"wpb-content-wrapper\"><p>[vc_row css=&#8221;.vc_custom_1493926195254{padding-top: 60px !important;}&#8221;][vc_column width=&#8221;1\/2&#8243; el_class=&#8221;bemutatkozas&#8221;][vc_column_text el_class=&#8221;justify &#8221; css=&#8221;.vc_custom_1495723727978{padding-top: 50px !important;padding-right: 50px !important;padding-bottom: 50px !important;padding-left: 50px !important;background-color: #8c1d26 !important;}&#8221;]<\/p>\n<h2 style=\"text-align: center;\">LOCATION<\/h2>\n<p>The <span class=\"SpellE\">Renegade <\/span>Hotel is <span class=\"SpellE\">probably<\/span> <span class=\"SpellE\">known<\/span> <span class=\"SpellE\">already<\/span> <span class=\"SpellE\">by<\/span> <span class=\"SpellE\">many<\/span> <span class=\"SpellE\">people<\/span>\u00a0 <span class=\"SpellE\">as<\/span> <span class=\"SpellE\">we<\/span> <span class=\"SpellE\">have<\/span> <span class=\"SpellE\">been<\/span> <span class=\"SpellE\">hosting<\/span> <span class=\"SpellE\">guests<\/span> <span class=\"SpellE\">for<\/span> more <span class=\"SpellE\">than<\/span> 10 <span class=\"SpellE\">years<\/span>\u00a0 <span class=\"SpellE\">in<\/span> <span class=\"SpellE\">the<\/span> <span class=\"SpellE\">capital<\/span> of Lake Balaton.<\/p>\n<p><span class=\"SpellE\">Have<\/span> <span class=\"SpellE\">you<\/span> <span class=\"SpellE\">not<\/span> <span class=\"SpellE\">heard<\/span> <span class=\"SpellE\">about<\/span> <span class=\"SpellE\">us<\/span> <span class=\"SpellE\">till<\/span> <span class=\"SpellE\">now<\/span>? <span class=\"SpellE\">Then<\/span> <span class=\"SpellE\">let\u2019s<\/span> <span class=\"SpellE\">introduce<\/span> <span class=\"SpellE\">us<\/span> <span class=\"SpellE\">to<\/span> <span class=\"SpellE\">you<\/span> <span class=\"SpellE\">now<\/span>!<\/p>\n<p>The <span class=\"SpellE\">famous<\/span> <span class=\"SpellE\">promenade<\/span> \u201cPet\u0151fi\u201d <span class=\"SpellE\">in<\/span> Si\u00f3fok is <span class=\"SpellE\">considered<\/span> <span class=\"SpellE\">as<\/span> <span class=\"SpellE\">the<\/span> <span class=\"SpellE\">heart<\/span> of <span class=\"SpellE\">the<\/span> city <span class=\"SpellE\">in<\/span> <span class=\"SpellE\">summer<\/span> <span class=\"SpellE\">season<\/span> <span class=\"SpellE\">where<\/span> <span class=\"SpellE\">you<\/span> <span class=\"SpellE\">can<\/span> <span class=\"SpellE\">find<\/span> <span class=\"SpellE\">the<\/span> Pl\u00e1zs Si\u00f3fok,\u00a0 <span class=\"SpellE\">numerous<\/span> <span class=\"SpellE\">discos<\/span>, <span class=\"SpellE\">bars<\/span> and <span class=\"SpellE\">entertainments<\/span>. The <span class=\"SpellE\">distance<\/span> <span class=\"SpellE\">to<\/span> <span class=\"SpellE\">the<\/span> <span class=\"SpellE\">lake<\/span> Balaton is <span class=\"SpellE\">only<\/span> 50 m, <span class=\"SpellE\">within<\/span> <span class=\"SpellE\">few<\/span> <span class=\"SpellE\">minutes<\/span> <span class=\"SpellE\">on<\/span> <span class=\"SpellE\">walk<\/span> <span class=\"SpellE\">you<\/span> <span class=\"SpellE\">can<\/span> <span class=\"SpellE\">reach<\/span> <span class=\"SpellE\">the<\/span> <span class=\"SpellE\">beach<\/span> <span class=\"SpellE\">with<\/span> free <span class=\"SpellE\">entrance<\/span> and <span class=\"SpellE\">nevertheless<\/span> <span class=\"SpellE\">our<\/span> Hotel <span class=\"SpellE\">Renegade<\/span> is <span class=\"SpellE\">also<\/span> <span class=\"SpellE\">located<\/span> <span class=\"SpellE\">on<\/span> <span class=\"SpellE\">this<\/span> <span class=\"SpellE\">street<\/span>.<\/p>\n<p><span class=\"SpellE\">Isn\u2019t<\/span> <span class=\"SpellE\">the<\/span> <span class=\"SpellE\">best<\/span> <span class=\"SpellE\">place<\/span> <span class=\"SpellE\">to<\/span> <span class=\"SpellE\">have<\/span> a <span class=\"SpellE\">memorable<\/span>, <span class=\"SpellE\">active<\/span> <span class=\"SpellE\">holiday<\/span> <span class=\"SpellE\">It<\/span> is, <span class=\"SpellE\">so<\/span> here <span class=\"SpellE\">are<\/span> <span class=\"SpellE\">some<\/span> <span class=\"SpellE\">strong<\/span> <span class=\"SpellE\">reasons<\/span> <span class=\"SpellE\">why<\/span> <span class=\"SpellE\">to<\/span> <span class=\"SpellE\">choose<\/span> <span class=\"SpellE\">us<\/span>.<\/p>\n<p><span class=\"SpellE\">Among<\/span> <span class=\"SpellE\">our<\/span> <span class=\"SpellE\">guests<\/span> <span class=\"SpellE\">we<\/span> <span class=\"SpellE\">have<\/span> <span class=\"SpellE\">not<\/span> <span class=\"SpellE\">only<\/span> <span class=\"SpellE\">young<\/span> <span class=\"SpellE\">generation<\/span> <span class=\"SpellE\">but<\/span> <span class=\"SpellE\">many<\/span> <span class=\"SpellE\">families<\/span> <span class=\"SpellE\">who<\/span> <span class=\"SpellE\">have<\/span> <span class=\"SpellE\">been<\/span> <span class=\"SpellE\">visiting<\/span> <span class=\"SpellE\">us<\/span> <span class=\"SpellE\">for<\/span> <span class=\"SpellE\">several<\/span> <span class=\"SpellE\">years<\/span> <span class=\"SpellE\">having<\/span> a <span class=\"SpellE\">very<\/span> <span class=\"SpellE\">pleasant<\/span> <span class=\"SpellE\">stay<\/span> <span class=\"SpellE\">in<\/span> <span class=\"SpellE\">our<\/span> <span class=\"GramE\">hotel.<\/span><\/p>\n<p>[\/vc_column_text][\/vc_column][vc_column width=&#8221;1\/2&#8243; el_class=&#8221;bemkep&#8221;][vc_single_image image=&#8221;67&#8243; img_size=&#8221;full&#8221;][\/vc_column][\/vc_row][vc_row full_width=&#8221;stretch_row&#8221; css=&#8221;.vc_custom_1494022308291{padding-top: 50px !important;}&#8221;][vc_column][vc_column_text]<\/p>\n<h2 style=\"text-align: center;\">ROOMS<\/h2>\n<p style=\"text-align: center;\"><img loading=\"lazy\" decoding=\"async\" class=\"size-full wp-image-117 aligncenter\" src=\"https:\/\/renegadehotel.hu\/wp-content\/uploads\/2017\/04\/agy.png\" alt=\"\" width=\"81\" height=\"55\" srcset=\"https:\/\/renegadehotel.hu\/wp-content\/uploads\/2017\/04\/agy.png 81w, https:\/\/renegadehotel.hu\/wp-content\/uploads\/2017\/04\/agy-50x34.png 50w, https:\/\/renegadehotel.hu\/wp-content\/uploads\/2017\/04\/agy-80x55.png 80w\" sizes=\"auto, (max-width: 81px) 100vw, 81px\" \/><\/p>\n<p style=\"text-align: center;\"><span class=\"SpellE\">In<\/span> <span class=\"SpellE\">our<\/span> hotel <span class=\"SpellE\">with<\/span> <span class=\"SpellE\">family<\/span> <span class=\"SpellE\">atmosphere<\/span> <span class=\"SpellE\">there<\/span> <span class=\"SpellE\">are<\/span> 24 <span class=\"SpellE\">special<\/span> <span class=\"SpellE\">double<\/span> <span class=\"SpellE\">rooms<\/span>, 10 out of <span class=\"SpellE\">them<\/span> <span class=\"SpellE\">can<\/span> be <span class=\"SpellE\">extended<\/span> <span class=\"SpellE\">with<\/span> extra <span class=\"SpellE\">beds<\/span>. <span class=\"SpellE\">But<\/span> <span class=\"SpellE\">if<\/span> <span class=\"SpellE\">you<\/span> <span class=\"SpellE\">would<\/span> <span class=\"SpellE\">arrive<\/span> <span class=\"SpellE\">alone<\/span>, <span class=\"SpellE\">that<\/span> <span class=\"SpellE\">should<\/span> <span class=\"SpellE\">not<\/span> be a <span class=\"SpellE\">problem<\/span> <span class=\"SpellE\">either<\/span>, \u00a0<span class=\"SpellE\">you<\/span> <span class=\"SpellE\">can<\/span> be <span class=\"SpellE\">accommodated<\/span> <span class=\"SpellE\">still<\/span> <span class=\"SpellE\">in<\/span> <span class=\"SpellE\">our<\/span> <span class=\"SpellE\">double<\/span> <span class=\"SpellE\">rooms<\/span>. <span class=\"SpellE\">All<\/span> of <span class=\"SpellE\">our<\/span> <span class=\"SpellE\">rooms<\/span> <span class=\"SpellE\">are<\/span> <span class=\"SpellE\">equipped<\/span> <span class=\"SpellE\">with<\/span> <span class=\"SpellE\">Shower<\/span>, WC, SAT TV, <span class=\"SpellE\">Air-condition<\/span>, <span class=\"SpellE\">Minibar<\/span>, WIFI.<\/p>\n<p>[\/vc_column_text][\/vc_column][\/vc_row][vc_row full_width=&#8221;stretch_row_content_no_spaces&#8221; disable_element=&#8221;yes&#8221; css=&#8221;.vc_custom_1494024924801{padding-top: 50px !important;padding-bottom: 60px !important;}&#8221;][vc_column]<div id=\"ult-carousel-397698293969e772c2db7dd\" class=\"ult-carousel-wrapper   ult_horizontal\" data-gutter=\"5\" data-rtl=\"false\" ><div class=\"ult-carousel-5121821269e772c2db73f \" >[vc_single_image image=&#8221;35&#8243; img_size=&#8221;full&#8221;][vc_single_image image=&#8221;35&#8243; img_size=&#8221;full&#8221;][vc_single_image image=&#8221;35&#8243; img_size=&#8221;full&#8221;][vc_single_image image=&#8221;35&#8243; img_size=&#8221;full&#8221;][vc_single_image image=&#8221;35&#8243; img_size=&#8221;full&#8221;][vc_single_image image=&#8221;35&#8243; img_size=&#8221;full&#8221;][vc_single_image image=&#8221;35&#8243; img_size=&#8221;full&#8221;]<\/div><\/div>\t\t\t<script type=\"text\/javascript\">\n\t\t\t\tjQuery(document).ready(function ($) {\n\t\t\t\t\tif( typeof jQuery('.ult-carousel-5121821269e772c2db73f').slick == \"function\"){\n\t\t\t\t\t\t$('.ult-carousel-5121821269e772c2db73f').slick({dots: true,autoplay: true,autoplaySpeed: 2000,speed: 300,infinite: true,arrows: true,nextArrow: '<button type=\"button\" role=\"button\" aria-label=\"Next\" style=\"color:#333333; font-size:20px;\" class=\"slick-next default\"><i class=\"ultsl-arrow-right4\"><\/i><\/button>',prevArrow: '<button type=\"button\" role=\"button\" aria-label=\"Previous\" style=\"color:#333333; font-size:20px;\" class=\"slick-prev default\"><i class=\"ultsl-arrow-left4\"><\/i><\/button>',slidesToScroll:1,slidesToShow:4,swipe: true,draggable: true,touchMove: true,pauseOnHover: true,pauseOnFocus: false,responsive: [\n\t\t\t\t\t\t\t{\n\t\t\t\t\t\t\t  breakpoint: 1026,\n\t\t\t\t\t\t\t  settings: {\n\t\t\t\t\t\t\t\tslidesToShow: 4,\n\t\t\t\t\t\t\t\tslidesToScroll: 1,  \n\t\t\t\t\t\t\t  }\n\t\t\t\t\t\t\t},\n\t\t\t\t\t\t\t{\n\t\t\t\t\t\t\t  breakpoint: 1025,\n\t\t\t\t\t\t\t  settings: {\n\t\t\t\t\t\t\t\tslidesToShow: 3,\n\t\t\t\t\t\t\t\tslidesToScroll: 1\n\t\t\t\t\t\t\t  }\n\t\t\t\t\t\t\t},\n\t\t\t\t\t\t\t{\n\t\t\t\t\t\t\t  breakpoint: 760,\n\t\t\t\t\t\t\t  settings: {\n\t\t\t\t\t\t\t\tslidesToShow: 1,\n\t\t\t\t\t\t\t\tslidesToScroll: 1\n\t\t\t\t\t\t\t  }\n\t\t\t\t\t\t\t}\n\t\t\t\t\t\t],pauseOnDotsHover: true,customPaging: function(slider, i) {\n                   return '<i type=\"button\" style= \"color:#333333;\" class=\"ultsl-record\" data-role=\"none\"><\/i>';\n                },});\n\t\t\t\t\t}\n\t\t\t\t});\n\t\t\t<\/script>\n\t\t\t[\/vc_column][\/vc_row][vc_row css=&#8221;.vc_custom_1494022681357{padding-top: 50px !important;}&#8221;][vc_column width=&#8221;1\/3&#8243;][vc_single_image image=&#8221;140&#8243; img_size=&#8221;full&#8221; alignment=&#8221;center&#8221; el_class=&#8221;szobakep&#8221;][vc_column_text css=&#8221;.vc_custom_1495723862146{padding-top: 15px !important;padding-bottom: 15px !important;background-color: #8c1d26 !important;}&#8221; el_class=&#8221;szobacim&#8221;]<\/p>\n<h3 style=\"text-align: right;\">Single bed room<\/h3>\n<p>[\/vc_column_text][\/vc_column][vc_column width=&#8221;1\/3&#8243;][vc_single_image image=&#8221;139&#8243; img_size=&#8221;full&#8221; alignment=&#8221;center&#8221; el_class=&#8221;szobakep&#8221;][vc_column_text css=&#8221;.vc_custom_1495723874328{padding-top: 15px !important;padding-bottom: 15px !important;background-color: #8c1d26 !important;}&#8221; el_class=&#8221;szobacim&#8221;]<\/p>\n<h3 style=\"text-align: right;\">Separate bed room<\/h3>\n<p>[\/vc_column_text][\/vc_column][vc_column width=&#8221;1\/3&#8243;][vc_single_image image=&#8221;138&#8243; img_size=&#8221;full&#8221; alignment=&#8221;center&#8221; el_class=&#8221;szobakep&#8221;][vc_column_text css=&#8221;.vc_custom_1495723888446{padding-top: 15px !important;padding-bottom: 15px !important;background-color: #8c1d26 !important;}&#8221; el_class=&#8221;szobacim&#8221;]<\/p>\n<h3 style=\"text-align: right;\">Family<\/h3>\n<p>[\/vc_column_text][\/vc_column][\/vc_row][vc_row css=&#8221;.vc_custom_1494022686750{padding-top: 50px !important;}&#8221;][vc_column width=&#8221;1\/3&#8243;][vc_single_image image=&#8221;141&#8243; img_size=&#8221;full&#8221; alignment=&#8221;center&#8221; el_class=&#8221;szobakep&#8221;][vc_column_text css=&#8221;.vc_custom_1495723904898{padding-top: 15px !important;padding-bottom: 15px !important;background-color: #8c1d26 !important;}&#8221; el_class=&#8221;szobacim&#8221;]<\/p>\n<h3 style=\"text-align: right;\">Double bed<\/h3>\n<p>[\/vc_column_text][\/vc_column][vc_column width=&#8221;1\/3&#8243;][vc_single_image image=&#8221;188&#8243; img_size=&#8221;full&#8221; alignment=&#8221;center&#8221; el_class=&#8221;szobakep&#8221;][vc_column_text css=&#8221;.vc_custom_1495723938745{padding-top: 15px !important;padding-bottom: 15px !important;background-color: #8c1d26 !important;}&#8221; el_class=&#8221;szobacim&#8221;]<\/p>\n<h3 style=\"text-align: right;\">double bed ( +trundle bed)<\/h3>\n<p>[\/vc_column_text][\/vc_column][vc_column width=&#8221;1\/3&#8243;][vc_single_image image=&#8221;137&#8243; img_size=&#8221;full&#8221; alignment=&#8221;center&#8221; el_class=&#8221;szobakep&#8221;][vc_column_text css=&#8221;.vc_custom_1495723952923{padding-top: 15px !important;padding-bottom: 15px !important;background-color: #8c1d26 !important;}&#8221; el_class=&#8221;szobacim&#8221;]<\/p>\n<h3 style=\"text-align: right;\">Apartment<\/h3>\n<p>[\/vc_column_text][\/vc_column][\/vc_row][vc_row full_width=&#8221;stretch_row&#8221; css=&#8221;.vc_custom_1494847707565{padding-top: 30px !important;padding-bottom: 30px !important;background-color: #282828 !important;}&#8221;][vc_column width=&#8221;8\/12&#8243;][vc_column_text]<\/p>\n<h3 style=\"text-align: left;\"><span style=\"color: #ffffff;\">Accommodation a few minutes from the shore of Lake Balaton?<\/span><\/h3>\n<p>[\/vc_column_text][\/vc_column][vc_column width=&#8221;4\/12&#8243;][vc_column_text]<\/p>\n<h3><a style=\"background-color: white; padding: 15px; color: #282828;\" href=\"https:\/\/renegadehotel.hu\/en\/contact\/\">BOOK NOW<\/a><\/h3>\n<p>[\/vc_column_text][\/vc_column][\/vc_row][vc_row full_width=&#8221;stretch_row&#8221; bg_type=&#8221;image&#8221; parallax_style=&#8221;vcpb-default&#8221; bg_image_new=&#8221;id^91|url^https:\/\/renegadehotel.hu\/wp-content\/uploads\/2017\/04\/szurke.jpg|caption^null|alt^null|title^szurke|description^null&#8221; bg_image_repeat=&#8221;no-repeat&#8221; bg_image_size=&#8221;contain&#8221;][vc_column width=&#8221;1\/2&#8243;]<div class=\"ult-animation  ult-animate-viewport  ult-no-mobile \" data-animate=\"fadeIn\" data-animation-delay=\"0\" data-animation-duration=\"2\" data-animation-iteration=\"1\" style=\"opacity:0;\" data-opacity_start_effect=\"\">[vc_column_text css=&#8221;.vc_custom_1495724056505{margin-top: 120px !important;padding-top: 50px !important;padding-right: 50px !important;padding-bottom: 50px !important;padding-left: 50px !important;background-color: #ededed !important;}&#8221; el_class=&#8221;arnyek justify&#8221;]<\/p>\n<h2 style=\"text-transform: uppercase; font-size: 45px; text-align: left;\"><span id=\"result_box\" class=\"short_text\" lang=\"en\"><span class=\"\">You want something special?<\/span><\/span><\/h2>\n<h4><span id=\"result_box\" class=\"\" lang=\"en\"><span class=\"\">If you do not want to leave the room for a small jacuzzi pampering, we recommend our luxury suite<\/span><\/span><\/h4>\n<p><span id=\"result_box\" class=\"\" lang=\"en\"><span class=\"\">Our two new superior suites have spacious rooms, jacuzzis and sophisticated amenities waiting for guests who want to be excited.<\/span> <span class=\"\">One of the suites is for 4 people and the other for 5 people.<\/span><\/span><\/p>\n<p><span class=\"\">It is a great venue for family vacations, romantic night-time bubble baths and friendly friends in Si\u00f3fok&#8217;s nightlife.<\/span><\/p>\n<p>Is your best friend preparing for your wedding, your job to make your last free weekend memorable and you will not find the perfect venue? Do not look any further, since you&#8217;ve found it.<\/p>\n<p>[\/vc_column_text]<\/div>[\/vc_column][vc_column width=&#8221;1\/2&#8243;][vc_media_grid element_width=&#8221;6&#8243; grid_id=&#8221;vc_gid:1495723457835-b8ed4e0e-08a5-0&#8243; include=&#8221;69,70,71,50&#8243;][\/vc_column][\/vc_row][vc_row full_width=&#8221;stretch_row&#8221; bg_type=&#8221;image&#8221; parallax_style=&#8221;vcpb-vz-jquery&#8221; bg_image_new=&#8221;id^129|url^https:\/\/renegadehotel.hu\/wp-content\/uploads\/2017\/04\/balaton.jpg|caption^null|alt^null|title^balaton|description^null&#8221; bg_image_repeat=&#8221;no-repeat&#8221; bg_img_attach=&#8221;fixed&#8221; css=&#8221;.vc_custom_1494021995731{padding-top: 200px !important;padding-bottom: 200px !important;}&#8221;][vc_column][vc_column_text]<\/p>\n<h2 style=\"text-align: center;\"><span style=\"color: #ffffff;\">SIGHTS<\/span><\/h2>\n<p>[\/vc_column_text][\/vc_column][\/vc_row][vc_row full_width=&#8221;stretch_row&#8221;][vc_column width=&#8221;1\/3&#8243;]<div class=\"trailer_box \"><a href=\"https:\/\/renegadehotel.hu\/en\/sights\/\" ><img loading=\"lazy\" decoding=\"async\" class=\"scale-with-grid\" src=\"https:\/\/renegadehotel.hu\/wp-content\/uploads\/2017\/04\/foter.jpg\" alt=\"foter\" width=\"645\" height=\"400\"\/><div class=\"desc\"><h2>Main square, Si\u00f3fok<\/h2><div class=\"line\"><\/div><\/div><\/a><\/div>\n[\/vc_column][vc_column width=&#8221;1\/3&#8243;]<div class=\"trailer_box \"><a href=\"https:\/\/renegadehotel.hu\/en\/sights\/\" ><img loading=\"lazy\" decoding=\"async\" class=\"scale-with-grid\" src=\"https:\/\/renegadehotel.hu\/wp-content\/uploads\/2017\/04\/kikoto.jpg\" alt=\"kikoto\" width=\"645\" height=\"400\"\/><div class=\"desc\"><h2>Harbor Station<\/h2><div class=\"line\"><\/div><\/div><\/a><\/div>\n[\/vc_column][vc_column width=&#8221;1\/3&#8243;]<div class=\"trailer_box \"><a href=\"https:\/\/renegadehotel.hu\/en\/sights\/\" ><img loading=\"lazy\" decoding=\"async\" class=\"scale-with-grid\" src=\"https:\/\/renegadehotel.hu\/wp-content\/uploads\/2017\/04\/strand.jpg\" alt=\"strand\" width=\"645\" height=\"400\"\/><div class=\"desc\"><h2>Si\u00f3fok Pl\u00e1zs, beach<\/h2><div class=\"line\"><\/div><\/div><\/a><\/div>\n[\/vc_column][\/vc_row][vc_row full_width=&#8221;stretch_row_content_no_spaces&#8221;][vc_column]<div id='wrap_map_69e772c2ddc14' class='ultimate-map-wrapper ult-adjust-bottom-margin ' style=' height:600px;'><div id='map_69e772c2ddc14' data-map_override='0' class='ultimate_google_map wpb_content_element page_margin_top' style='width:100%;height:600px;'><\/div><\/div><script type='text\/javascript'>\n\t\t\t(function($) {\n  \t\t\t'use strict';\n\t\t\tvar map_map_69e772c2ddc14 = null;\n\t\t\tvar coordinate_map_69e772c2ddc14;\n\t\t\tvar isDraggable = $(document).width() > 641 ? false : false;\n\t\t\ttry\n\t\t\t{\n\t\t\t\tvar map_map_69e772c2ddc14 = null;\n\t\t\t\tvar coordinate_map_69e772c2ddc14;\n\t\t\t\tcoordinate_map_69e772c2ddc14=new google.maps.LatLng(46.910703, 18.052053);\n\t\t\t\tvar mapOptions=\n\t\t\t\t{\n\t\t\t\t\tzoom: 15,\n\t\t\t\t\tcenter: coordinate_map_69e772c2ddc14,\n\t\t\t\t\tscaleControl: true,\n\t\t\t\t\tstreetViewControl: false,\n\t\t\t\t\tmapTypeControl: false,\n\t\t\t\t\tpanControl: false,\n\t\t\t\t\tzoomControl: true,\n\t\t\t\t\tscrollwheel: true,\n\t\t\t\t\tdraggable: isDraggable,\n\t\t\t\t\tzoomControlOptions: {\n\t\t\t\t\t\tposition: google.maps.ControlPosition.RIGHT_BOTTOM\n\t\t\t\t\t}, mapTypeControlOptions: {\n\t\t\t\t\t  \t\tmapTypeIds: [google.maps.MapTypeId.ROADMAP, 'map_style']\n\t\t\t\t\t\t}};var styles = [{\"featureType\":\"all\",\"elementType\":\"labels.text.fill\",\"stylers\":[{\"saturation\":36},{\"color\":\"#000000\"},{\"lightness\":40}]},{\"featureType\":\"all\",\"elementType\":\"labels.text.stroke\",\"stylers\":[{\"visibility\":\"on\"},{\"color\":\"#000000\"},{\"lightness\":16}]},{\"featureType\":\"all\",\"elementType\":\"labels.icon\",\"stylers\":[{\"visibility\":\"off\"}]},{\"featureType\":\"administrative\",\"elementType\":\"geometry.fill\",\"stylers\":[{\"color\":\"#000000\"},{\"lightness\":20}]},{\"featureType\":\"administrative\",\"elementType\":\"geometry.stroke\",\"stylers\":[{\"color\":\"#000000\"},{\"lightness\":17},{\"weight\":1.2}]},{\"featureType\":\"landscape\",\"elementType\":\"geometry\",\"stylers\":[{\"color\":\"#000000\"},{\"lightness\":20}]},{\"featureType\":\"poi\",\"elementType\":\"geometry\",\"stylers\":[{\"color\":\"#000000\"},{\"lightness\":21}]},{\"featureType\":\"road.highway\",\"elementType\":\"geometry.fill\",\"stylers\":[{\"color\":\"#000000\"},{\"lightness\":17}]},{\"featureType\":\"road.highway\",\"elementType\":\"geometry.stroke\",\"stylers\":[{\"color\":\"#000000\"},{\"lightness\":29},{\"weight\":0.2}]},{\"featureType\":\"road.arterial\",\"elementType\":\"geometry\",\"stylers\":[{\"color\":\"#000000\"},{\"lightness\":18}]},{\"featureType\":\"road.local\",\"elementType\":\"geometry\",\"stylers\":[{\"color\":\"#000000\"},{\"lightness\":16}]},{\"featureType\":\"transit\",\"elementType\":\"geometry\",\"stylers\":[{\"color\":\"#000000\"},{\"lightness\":19}]},{\"featureType\":\"water\",\"elementType\":\"geometry\",\"stylers\":[{\"color\":\"#000000\"},{\"lightness\":17}]}]; var styledMap = new google.maps.StyledMapType(styles,{name: \"Styled Map\"});var map_map_69e772c2ddc14 = new google.maps.Map(document.getElementById('map_69e772c2ddc14'),mapOptions);map_map_69e772c2ddc14.mapTypes.set('map_style', styledMap);\n \t\t\t\t\t\t\t map_map_69e772c2ddc14.setMapTypeId('map_style');\n\t\t\t\t\t\tvar x = 'infowindow_open_value';\n\t\t\t\t\t\tvar marker_map_69e772c2ddc14 = new google.maps.Marker({\n\t\t\t\t\t\tposition: new google.maps.LatLng(46.910703, 18.052053),\n\t\t\t\t\t\tanimation:  google.maps.Animation.DROP,\n\t\t\t\t\t\tmap: map_map_69e772c2ddc14,\n\t\t\t\t\t\ticon: ''\n\t\t\t\t\t});\tgoogle.maps.event.addListener(marker_map_69e772c2ddc14, 'click', toggleBounce);}\n\t\t\tcatch(e){};\n\t\t\tjQuery(document).ready(function($){\n\t\t\t\tgoogle.maps.event.trigger(map_map_69e772c2ddc14, 'resize');\n\t\t\t\t$(window).resize(function(){\n\t\t\t\t\tgoogle.maps.event.trigger(map_map_69e772c2ddc14, 'resize');\n\t\t\t\t\tif(map_map_69e772c2ddc14!=null)\n\t\t\t\t\t\tmap_map_69e772c2ddc14.setCenter(coordinate_map_69e772c2ddc14);\n\t\t\t\t});\n\t\t\t\t$('.ui-tabs').bind('tabsactivate', function(event, ui) {\n\t\t\t\t   if($(this).find('.ultimate-map-wrapper').length > 0)\n\t\t\t\t\t{\n\t\t\t\t\t\tsetTimeout(function(){\n\t\t\t\t\t\t\t$(window).trigger('resize');\n\t\t\t\t\t\t},200);\n\t\t\t\t\t}\n\t\t\t\t});\n\t\t\t\t$('.ui-accordion').bind('accordionactivate', function(event, ui) {\n\t\t\t\t   if($(this).find('.ultimate-map-wrapper').length > 0)\n\t\t\t\t\t{\n\t\t\t\t\t\tsetTimeout(function(){\n\t\t\t\t\t\t\t$(window).trigger('resize');\n\t\t\t\t\t\t},200);\n\t\t\t\t\t}\n\t\t\t\t});\n\t\t\t\t$(window).load(function(){\n\t\t\t\t\tsetTimeout(function(){\n\t\t\t\t\t\t$(window).trigger('resize');\n\t\t\t\t\t},200);\n\t\t\t\t});\n\t\t\t\t$('.ult_exp_section').select(function(){\n\t\t\t\t\tif($(map_map_69e772c2ddc14).parents('.ult_exp_section'))\n\t\t\t\t\t{\n\t\t\t\t\t\tsetTimeout(function(){\n\t\t\t\t\t\t\t$(window).trigger('resize');\n\t\t\t\t\t\t},200);\n\t\t\t\t\t}\n\t\t\t\t});\n\t\t\t\t$(document).on('onUVCModalPopupOpen', function(){\n\t\t\t\t\tif($(map_map_69e772c2ddc14).parents('.ult_modal-content'))\n\t\t\t\t\t{\n\t\t\t\t\t\tsetTimeout(function(){\n\t\t\t\t\t\t\t$(window).trigger('resize');\n\t\t\t\t\t\t},200);\n\t\t\t\t\t}\n\t\t\t\t});\n\t\t\t\t$(document).on('click','.ult_tab_li',function(){\n\t\t\t\t\t$(window).trigger('resize');\n\t\t\t\t\tsetTimeout(function(){\n\t\t\t\t\t\t$(window).trigger('resize');\n\t\t\t\t\t},200);\n\t\t\t\t});\n\t\t\t});\n\t\t\tfunction toggleBounce() {\n\t\t\t  if (marker_map_69e772c2ddc14.getAnimation() != null) {\n\t\t\t\tmarker_map_69e772c2ddc14.setAnimation(null);\n\t\t\t  } else {\n\t\t\t\tmarker_map_69e772c2ddc14.setAnimation(google.maps.Animation.BOUNCE);\n\t\t\t  }\n\t\t\t}\n\t\t\t})(jQuery);\n\t\t\t<\/script>[\/vc_column][\/vc_row][vc_row el_class=&#8221;kapcsolat&#8221; css=&#8221;.vc_custom_1494025017259{padding-bottom: 400px !important;}&#8221;][vc_column width=&#8221;1\/3&#8243;][\/vc_column][vc_column width=&#8221;1\/3&#8243;][vc_column_text]<\/p>\n<h2 style=\"text-align: center;\">RENEGADE HOTEL<\/h2>\n<h4 style=\"text-align: center;\">H-8600 SI\u00d3FOK, PET\u0150FI S\u00c9T\u00c1NY. 4.<br \/>\nMOBIL:<a href=\"tel:0036704547797\"> (00-36) 70\/454-7797<\/a><br \/>\nPHONE:<a href=\"tel:003684311506\"> (00-36) 84\/311-506<br \/>\n<\/a>FAX:\u00a0<a href=\"tel:+003684506624\">(00-36) 84\/506-624<\/a><br \/>\n<a href=\"mailto:renegadehotel@renegadehotel.hu\">RENEGADEHOTEL@RENEGADEHOTEL.HU<\/a><\/h4>\n<p>[\/vc_column_text][\/vc_column][vc_column width=&#8221;1\/3&#8243;][\/vc_column][\/vc_row]<\/p>\n<\/div>","protected":false},"excerpt":{"rendered":"<p>[vc_row css=&#8221;.vc_custom_1493926195254{padding-top: 60px !important;}&#8221;][vc_column width=&#8221;1\/2&#8243; el_class=&#8221;bemutatkozas&#8221;][vc_column_text el_class=&#8221;justify &#8221; css=&#8221;.vc_custom_1495723727978{padding-top: 50px !important;padding-right: 50px !important;padding-bottom: 50px !important;padding-left: 50px !important;background-color: #8c1d26 !important;}&#8221;] LOCATION The Renegade Hotel is probably known<span class=\"excerpt-hellip\"> [\u2026]<\/span><\/p>\n","protected":false},"author":1,"featured_media":0,"parent":0,"menu_order":0,"comment_status":"closed","ping_status":"closed","template":"","meta":{"footnotes":""},"class_list":["post-7","page","type-page","status-publish","hentry"],"_links":{"self":[{"href":"https:\/\/renegadehotel.hu\/en\/wp-json\/wp\/v2\/pages\/7","targetHints":{"allow":["GET"]}}],"collection":[{"href":"https:\/\/renegadehotel.hu\/en\/wp-json\/wp\/v2\/pages"}],"about":[{"href":"https:\/\/renegadehotel.hu\/en\/wp-json\/wp\/v2\/types\/page"}],"author":[{"embeddable":true,"href":"https:\/\/renegadehotel.hu\/en\/wp-json\/wp\/v2\/users\/1"}],"replies":[{"embeddable":true,"href":"https:\/\/renegadehotel.hu\/en\/wp-json\/wp\/v2\/comments?post=7"}],"version-history":[{"count":0,"href":"https:\/\/renegadehotel.hu\/en\/wp-json\/wp\/v2\/pages\/7\/revisions"}],"wp:attachment":[{"href":"https:\/\/renegadehotel.hu\/en\/wp-json\/wp\/v2\/media?parent=7"}],"curies":[{"name":"wp","href":"https:\/\/api.w.org\/{rel}","templated":true}]}}