{"id":345,"date":"2017-05-25T15:59:40","date_gmt":"2017-05-25T15:59:40","guid":{"rendered":"https:\/\/renegadehotel.hu\/?page_id=345\/"},"modified":"2018-04-17T21:32:04","modified_gmt":"2018-04-17T21:32:04","slug":"home","status":"publish","type":"page","link":"https:\/\/renegadehotel.hu\/de\/","title":{"rendered":"Home"},"content":{"rendered":"<div class=\"wpb-content-wrapper\"><p>[vc_row css=&#8220;.vc_custom_1493926195254{padding-top: 60px !important;}&#8220;][vc_column width=&#8220;1\/2&#8243; el_class=&#8220;bemutatkozas&#8220;][vc_column_text el_class=&#8220;justify &#8220; css=&#8220;.vc_custom_1524000414008{padding-top: 50px !important;padding-right: 50px !important;padding-bottom: 50px !important;padding-left: 50px !important;background-color: #8c1d26 !important;}&#8220;]<\/p>\n<h2 style=\"text-align: center;\">LAGE<\/h2>\n<p>Der <span class=\"SpellE\">Name<\/span> &#8222;<span class=\"SpellE\">Renegade<\/span> Sport Hotel&#8220; <span class=\"SpellE\">klingt<\/span> <span class=\"SpellE\">bekannt<\/span> <span class=\"SpellE\">schon<\/span> <span class=\"SpellE\">f\u00fcr<\/span> <span class=\"SpellE\">viele<\/span>, da <span class=\"SpellE\">wir<\/span> <span class=\"SpellE\">in<\/span> der \u201e<span class=\"SpellE\">Hauptstadt<\/span>\u201c von Balaton <span class=\"SpellE\">seit<\/span> 10 <span class=\"SpellE\">Jahren<\/span> <span class=\"SpellE\">G\u00e4ste<\/span> <span class=\"SpellE\">empfangen<\/span>.<\/p>\n<p><span class=\"SpellE\">Haben<\/span> <span class=\"SpellE\">Sie<\/span> <span class=\"SpellE\">\u00fcber<\/span> <span class=\"SpellE\">uns<\/span> <span class=\"SpellE\">noch<\/span> <span class=\"SpellE\">nicht<\/span> <span class=\"SpellE\">geh\u00f6rt<\/span>? <span class=\"SpellE\">Hier<\/span> <span class=\"SpellE\">ist<\/span> die <span class=\"SpellE\">Gelegenheit<\/span> <span class=\"SpellE\">dann<\/span> <span class=\"SpellE\">uns<\/span> <span class=\"SpellE\">kennenzulernen<\/span>!<\/p>\n<p><span class=\"SpellE\">Das<\/span> <span class=\"SpellE\">Herz<\/span> der <span class=\"SpellE\">Stadt<\/span> Si\u00f3fok <span class=\"SpellE\">ist<\/span> die <span class=\"SpellE\">Promenade<\/span> \u201ePet\u0151fi\u201c <span class=\"SpellE\">in<\/span> <span class=\"SpellE\">Sommerzeit<\/span>. <span class=\"SpellE\">Hier<\/span> <span class=\"SpellE\">befinden<\/span> <span class=\"SpellE\">sich<\/span> der <span class=\"SpellE\">&#8222;Pl\u00e1zs&#8220;<\/span>, <span class=\"SpellE\">viele<\/span> Bars, <span class=\"SpellE\">Kneipen<\/span>, es <span class=\"SpellE\">ist<\/span> <span class=\"SpellE\">nur<\/span> 50 <span class=\"SpellE\">Meter<\/span> von Balaton, <span class=\"SpellE\">wenige<\/span> Minute <span class=\"SpellE\">zu<\/span> <span class=\"SpellE\">Fu\u00df<\/span> <span class=\"SpellE\">zum<\/span> <span class=\"SpellE\">eintrittstfreien<\/span> Strand, und <span class=\"SpellE\">unser<\/span> Hotel <span class=\"SpellE\">ist<\/span> <span class=\"SpellE\">nat\u00fcrlich<\/span> <span class=\"SpellE\">auch<\/span> <span class=\"SpellE\">in<\/span> <span class=\"SpellE\">dieser<\/span> <span class=\"SpellE\">Stra\u00dfe<\/span>.<\/p>\n<p><span class=\"SpellE\">Also<\/span> es <span class=\"SpellE\">ist<\/span> <span class=\"SpellE\">ein<\/span> <span class=\"SpellE\">idealer<\/span> <span class=\"SpellE\">Erholungsort<\/span> <span class=\"SpellE\">um<\/span> <span class=\"SpellE\">einen<\/span> <span class=\"SpellE\">unvergesslichen<\/span> und <span class=\"SpellE\">eriegnisreichen<\/span> <span class=\"SpellE\">Urlaub<\/span> <span class=\"SpellE\">zu<\/span> <span class=\"SpellE\">verbringen<\/span>, und <span class=\"SpellE\">nat\u00fcrlich<\/span> <span class=\"SpellE\">nicht<\/span> <span class=\"SpellE\">nur<\/span> <span class=\"SpellE\">f\u00fcr<\/span> die <span class=\"SpellE\">Jugend<\/span>, da <span class=\"SpellE\">wir<\/span> <span class=\"SpellE\">auch<\/span> <span class=\"SpellE\">viele<\/span> <span class=\"SpellE\">Familien<\/span> <span class=\"SpellE\">als<\/span>\u00a0 <span class=\"SpellE\">Stammg\u00e4ste<\/span> <span class=\"SpellE\">bei<\/span> <span class=\"SpellE\">uns<\/span> <span class=\"SpellE\">seit<\/span> <span class=\"SpellE\">Jahren<\/span> <span class=\"SpellE\">begr\u00fc\u00dfen<\/span> <span class=\"SpellE\">k\u00f6nnen<\/span>.[\/vc_column_text][\/vc_column][vc_column width=&#8220;1\/2&#8243; el_class=&#8220;bemkep&#8220;][vc_single_image image=&#8220;67&#8243; img_size=&#8220;full&#8220;][\/vc_column][\/vc_row][vc_row full_width=&#8220;stretch_row&#8220; css=&#8220;.vc_custom_1494022308291{padding-top: 50px !important;}&#8220;][vc_column][vc_column_text]<\/p>\n<h2 style=\"text-align: center;\"><span id=\"result_box\" class=\"short_text\" lang=\"de\"><span class=\"\">R\u00e4ume im Haus<\/span><\/span><\/h2>\n<p style=\"text-align: center;\"><img loading=\"lazy\" decoding=\"async\" class=\"size-full wp-image-117 aligncenter\" src=\"https:\/\/renegadehotel.hu\/wp-content\/uploads\/2017\/04\/agy.png\" alt=\"\" width=\"81\" height=\"55\" srcset=\"https:\/\/renegadehotel.hu\/wp-content\/uploads\/2017\/04\/agy.png 81w, https:\/\/renegadehotel.hu\/wp-content\/uploads\/2017\/04\/agy-50x34.png 50w, https:\/\/renegadehotel.hu\/wp-content\/uploads\/2017\/04\/agy-80x55.png 80w\" sizes=\"auto, (max-width: 81px) 100vw, 81px\" \/><\/p>\n<p style=\"text-align: center;\"><span class=\"SpellE\">Unser<\/span> Hotel mit <span class=\"SpellE\">Familie-Atmosph\u00e4re<\/span> hat 24 <span class=\"SpellE\">spezielle<\/span> <span class=\"SpellE\">Doppelzimmer<\/span> und <span class=\"SpellE\">in<\/span> 10 <span class=\"SpellE\">davon<\/span> <span class=\"SpellE\">kann<\/span> man <span class=\"SpellE\">Zusatzbett<\/span> <span class=\"SpellE\">stellen<\/span>. <span class=\"SpellE\">Wenn<\/span> <span class=\"SpellE\">Sie<\/span> <span class=\"SpellE\">allein<\/span> <span class=\"SpellE\">kommen<\/span>, <span class=\"SpellE\">w\u00fcrde<\/span> es <span class=\"SpellE\">auch<\/span> <span class=\"SpellE\">kein<\/span> <span class=\"SpellE\">Problem<\/span>, <span class=\"SpellE\">wir<\/span> <span class=\"SpellE\">k\u00f6nnen<\/span> <span class=\"SpellE\">unsere<\/span> <span class=\"SpellE\">Doppelzimmer<\/span> <span class=\"SpellE\">auch<\/span> <span class=\"SpellE\">in<\/span> <span class=\"SpellE\">diesem<\/span> <span class=\"SpellE\">Fall<\/span> <span class=\"SpellE\">zu<\/span> <span class=\"SpellE\">Ihrer<\/span> <span class=\"SpellE\">Verf\u00fcgung<\/span> <span class=\"SpellE\">stellen<\/span>. <span class=\"SpellE\">Alle<\/span> Zimmer <span class=\"SpellE\">sind<\/span> mit <span class=\"SpellE\">Dusche<\/span>, WC, SAT TV, <span class=\"SpellE\">Klimaanlage<\/span>, <span class=\"SpellE\">Minibar<\/span> und WIFI <span class=\"SpellE\">Internet-Zugang<\/span> <span class=\"SpellE\">ausgestattet<\/span>.<\/p>\n<p>[\/vc_column_text][\/vc_column][\/vc_row][vc_row full_width=&#8220;stretch_row_content_no_spaces&#8220; disable_element=&#8220;yes&#8220; css=&#8220;.vc_custom_1494024924801{padding-top: 50px !important;padding-bottom: 60px !important;}&#8220;][vc_column]<div id=\"ult-carousel-37079978269d97d76a95e4\" class=\"ult-carousel-wrapper   ult_horizontal\" data-gutter=\"5\" data-rtl=\"false\" ><div class=\"ult-carousel-194932804069d97d76a9505 \" >[vc_single_image image=&#8220;35&#8243; img_size=&#8220;full&#8220;][vc_single_image image=&#8220;35&#8243; img_size=&#8220;full&#8220;][vc_single_image image=&#8220;35&#8243; img_size=&#8220;full&#8220;][vc_single_image image=&#8220;35&#8243; img_size=&#8220;full&#8220;][vc_single_image image=&#8220;35&#8243; img_size=&#8220;full&#8220;][vc_single_image image=&#8220;35&#8243; img_size=&#8220;full&#8220;][vc_single_image image=&#8220;35&#8243; img_size=&#8220;full&#8220;]<\/div><\/div>\t\t\t<script type=\"text\/javascript\">\n\t\t\t\tjQuery(document).ready(function ($) {\n\t\t\t\t\tif( typeof jQuery('.ult-carousel-194932804069d97d76a9505').slick == \"function\"){\n\t\t\t\t\t\t$('.ult-carousel-194932804069d97d76a9505').slick({dots: true,autoplay: true,autoplaySpeed: 2000,speed: 300,infinite: true,arrows: true,nextArrow: '<button type=\"button\" role=\"button\" aria-label=\"Next\" style=\"color:#333333; font-size:20px;\" class=\"slick-next default\"><i class=\"ultsl-arrow-right4\"><\/i><\/button>',prevArrow: '<button type=\"button\" role=\"button\" aria-label=\"Previous\" style=\"color:#333333; font-size:20px;\" class=\"slick-prev default\"><i class=\"ultsl-arrow-left4\"><\/i><\/button>',slidesToScroll:1,slidesToShow:4,swipe: true,draggable: true,touchMove: true,pauseOnHover: true,pauseOnFocus: false,responsive: [\n\t\t\t\t\t\t\t{\n\t\t\t\t\t\t\t  breakpoint: 1026,\n\t\t\t\t\t\t\t  settings: {\n\t\t\t\t\t\t\t\tslidesToShow: 4,\n\t\t\t\t\t\t\t\tslidesToScroll: 1,  \n\t\t\t\t\t\t\t  }\n\t\t\t\t\t\t\t},\n\t\t\t\t\t\t\t{\n\t\t\t\t\t\t\t  breakpoint: 1025,\n\t\t\t\t\t\t\t  settings: {\n\t\t\t\t\t\t\t\tslidesToShow: 3,\n\t\t\t\t\t\t\t\tslidesToScroll: 1\n\t\t\t\t\t\t\t  }\n\t\t\t\t\t\t\t},\n\t\t\t\t\t\t\t{\n\t\t\t\t\t\t\t  breakpoint: 760,\n\t\t\t\t\t\t\t  settings: {\n\t\t\t\t\t\t\t\tslidesToShow: 1,\n\t\t\t\t\t\t\t\tslidesToScroll: 1\n\t\t\t\t\t\t\t  }\n\t\t\t\t\t\t\t}\n\t\t\t\t\t\t],pauseOnDotsHover: true,customPaging: function(slider, i) {\n                   return '<i type=\"button\" style= \"color:#333333;\" class=\"ultsl-record\" data-role=\"none\"><\/i>';\n                },});\n\t\t\t\t\t}\n\t\t\t\t});\n\t\t\t<\/script>\n\t\t\t[\/vc_column][\/vc_row][vc_row css=&#8220;.vc_custom_1494022681357{padding-top: 50px !important;}&#8220;][vc_column width=&#8220;1\/3&#8243;][vc_single_image image=&#8220;140&#8243; img_size=&#8220;full&#8220; alignment=&#8220;center&#8220; el_class=&#8220;szobakep&#8220;][vc_column_text css=&#8220;.vc_custom_1495727707459{padding-top: 15px !important;padding-bottom: 15px !important;background-color: #8c1d26 !important;}&#8220; el_class=&#8220;szobacim&#8220;]<\/p>\n<h3 style=\"text-align: right;\">Einzelbett<\/h3>\n<p>[\/vc_column_text][\/vc_column][vc_column width=&#8220;1\/3&#8243;][vc_single_image image=&#8220;139&#8243; img_size=&#8220;full&#8220; alignment=&#8220;center&#8220; el_class=&#8220;szobakep&#8220;][vc_column_text css=&#8220;.vc_custom_1495727719311{padding-top: 15px !important;padding-bottom: 15px !important;background-color: #8c1d26 !important;}&#8220; el_class=&#8220;szobacim&#8220;]<\/p>\n<h3 style=\"text-align: right;\">Separates Bett<\/h3>\n<p>[\/vc_column_text][\/vc_column][vc_column width=&#8220;1\/3&#8243;][vc_single_image image=&#8220;138&#8243; img_size=&#8220;full&#8220; alignment=&#8220;center&#8220; el_class=&#8220;szobakep&#8220;][vc_column_text css=&#8220;.vc_custom_1495727727728{padding-top: 15px !important;padding-bottom: 15px !important;background-color: #8c1d26 !important;}&#8220; el_class=&#8220;szobacim&#8220;]<\/p>\n<h3 style=\"text-align: right;\">Familie<\/h3>\n<p>[\/vc_column_text][\/vc_column][\/vc_row][vc_row css=&#8220;.vc_custom_1494022686750{padding-top: 50px !important;}&#8220;][vc_column width=&#8220;1\/3&#8243;][vc_single_image image=&#8220;141&#8243; img_size=&#8220;full&#8220; alignment=&#8220;center&#8220; el_class=&#8220;szobakep&#8220;][vc_column_text css=&#8220;.vc_custom_1495727740370{padding-top: 15px !important;padding-bottom: 15px !important;background-color: #8c1d26 !important;}&#8220; el_class=&#8220;szobacim&#8220;]<\/p>\n<h3 style=\"text-align: right;\">Doppelbett<\/h3>\n<p>[\/vc_column_text][\/vc_column][vc_column width=&#8220;1\/3&#8243;][vc_single_image image=&#8220;188&#8243; img_size=&#8220;full&#8220; alignment=&#8220;center&#8220; el_class=&#8220;szobakep&#8220;][vc_column_text css=&#8220;.vc_custom_1495727747501{padding-top: 15px !important;padding-bottom: 15px !important;background-color: #8c1d26 !important;}&#8220; el_class=&#8220;szobacim&#8220;]<\/p>\n<h3 style=\"text-align: right;\">Doppelbett (Ausziehbett)<\/h3>\n<p>[\/vc_column_text][\/vc_column][vc_column width=&#8220;1\/3&#8243;][vc_single_image image=&#8220;137&#8243; img_size=&#8220;full&#8220; alignment=&#8220;center&#8220; el_class=&#8220;szobakep&#8220;][vc_column_text css=&#8220;.vc_custom_1495727758391{padding-top: 15px !important;padding-bottom: 15px !important;background-color: #8c1d26 !important;}&#8220; el_class=&#8220;szobacim&#8220;]<\/p>\n<h3 style=\"text-align: right;\">Wohnung<\/h3>\n<p>[\/vc_column_text][\/vc_column][\/vc_row][vc_row full_width=&#8220;stretch_row&#8220; css=&#8220;.vc_custom_1494847707565{padding-top: 30px !important;padding-bottom: 30px !important;background-color: #282828 !important;}&#8220;][vc_column width=&#8220;8\/12&#8243;][vc_column_text]<\/p>\n<h3 style=\"text-align: left;\"><span style=\"color: #ffffff;\">Unterkunft nur wenige Minuten vom Ufer des Plattensees entfernt?<\/span><\/h3>\n<p>[\/vc_column_text][\/vc_column][vc_column width=&#8220;4\/12&#8243;][vc_column_text]<\/p>\n<h3><a style=\"background-color: white; padding: 15px; color: #282828;\" href=\"https:\/\/renegadehotel.hu\/de\/kontakt\/\">BUCHE<\/a><\/h3>\n<p>[\/vc_column_text][\/vc_column][\/vc_row][vc_row full_width=&#8220;stretch_row&#8220; bg_type=&#8220;image&#8220; parallax_style=&#8220;vcpb-default&#8220; bg_image_new=&#8220;id^91|url^https:\/\/renegadehotel.hu\/wp-content\/uploads\/2017\/04\/szurke.jpg|caption^null|alt^null|title^szurke|description^null&#8220; bg_image_repeat=&#8220;no-repeat&#8220; bg_image_size=&#8220;contain&#8220;][vc_column width=&#8220;1\/2&#8243;]<div class=\"ult-animation  ult-animate-viewport  ult-no-mobile \" data-animate=\"fadeIn\" data-animation-delay=\"0\" data-animation-duration=\"2\" data-animation-iteration=\"1\" style=\"opacity:0;\" data-opacity_start_effect=\"\">[vc_column_text css=&#8220;.vc_custom_1495727856431{margin-top: 120px !important;padding-top: 50px !important;padding-right: 50px !important;padding-bottom: 50px !important;padding-left: 50px !important;background-color: #ededed !important;}&#8220; el_class=&#8220;arnyek justify&#8220;]<\/p>\n<h2 style=\"text-transform: uppercase; font-size: 45px; text-align: left;\"><span id=\"result_box\" class=\"short_text\" lang=\"en\"><span class=\"\"><span id=\"result_box\" class=\"short_text\" lang=\"de\">Sie wollen etwas Besonderes?<\/span><\/span><\/span><\/h2>\n<h4><span id=\"result_box\" class=\"\" lang=\"en\"><span class=\"\"><span id=\"result_box\" class=\"\" lang=\"de\">Wenn Sie nicht wollen, um das Zimmer f\u00fcr eine kleine Jacuzzi verw\u00f6hnen lassen, empfehlen wir unsere Luxus-Suite<\/span><\/span><\/span><\/h4>\n<p><span id=\"result_box\" class=\"\" lang=\"de\"><span class=\"\">Unsere zwei neuen Superior Suiten verf\u00fcgen \u00fcber ger\u00e4umige Zimmer, Whirlpools und anspruchsvolle Annehmlichkeiten f\u00fcr G\u00e4ste, die aufgeregt sein m\u00f6chten.<\/span> <span class=\"\">Eines der Suiten ist f\u00fcr 4 Personen und das andere f\u00fcr 5 Personen.<\/span><\/span><\/p>\n<p>Es ist ein gro\u00dfartiger Ort f\u00fcr Familienurlaub, romantische Nachtklubb\u00e4der und freundliche Freunde im Nachtleben von Si\u00f3fok.<\/p>\n<p>Ist dein bester Freund f\u00fcr deine Hochzeit vorbereitet, deine Arbeit, um dein letztes freies Wochenende unvergesslich zu machen und du wirst den perfekten Ort nicht finden? Schauen Sie nicht weiter, da Sie es gefunden haben.<\/p>\n<p>[\/vc_column_text]<\/div>[\/vc_column][vc_column width=&#8220;1\/2&#8243;][vc_media_grid element_width=&#8220;6&#8243; grid_id=&#8220;vc_gid:1524000374192-d0dbe2ca-3d8f-4&#8243; include=&#8220;69,70,71,50&#8243;][\/vc_column][\/vc_row][vc_row full_width=&#8220;stretch_row&#8220; bg_type=&#8220;image&#8220; parallax_style=&#8220;vcpb-vz-jquery&#8220; bg_image_new=&#8220;id^129|url^https:\/\/renegadehotel.hu\/wp-content\/uploads\/2017\/04\/balaton.jpg|caption^null|alt^null|title^balaton|description^null&#8220; bg_image_repeat=&#8220;no-repeat&#8220; bg_img_attach=&#8220;fixed&#8220; css=&#8220;.vc_custom_1494021995731{padding-top: 200px !important;padding-bottom: 200px !important;}&#8220;][vc_column][vc_column_text]<\/p>\n<h2 style=\"text-align: center;\"><span style=\"color: #ffffff;\">Sehensw\u00fcrdigkeiten<\/span><\/h2>\n<p>[\/vc_column_text][\/vc_column][\/vc_row][vc_row full_width=&#8220;stretch_row&#8220;][vc_column width=&#8220;1\/3&#8243;]<div class=\"trailer_box \"><a href=\"https:\/\/renegadehotel.hu\/de\/programme\/\" ><img loading=\"lazy\" decoding=\"async\" class=\"scale-with-grid\" src=\"https:\/\/renegadehotel.hu\/wp-content\/uploads\/2017\/04\/foter.jpg\" alt=\"foter\" width=\"645\" height=\"400\"\/><div class=\"desc\"><h2>Hauptplatz, Si\u00f3fok<\/h2><div class=\"line\"><\/div><\/div><\/a><\/div>\n[\/vc_column][vc_column width=&#8220;1\/3&#8243;]<div class=\"trailer_box \"><a href=\"https:\/\/renegadehotel.hu\/de\/programme\/\" ><img loading=\"lazy\" decoding=\"async\" class=\"scale-with-grid\" src=\"https:\/\/renegadehotel.hu\/wp-content\/uploads\/2017\/04\/kikoto.jpg\" alt=\"kikoto\" width=\"645\" height=\"400\"\/><div class=\"desc\"><h2>Hafenstation<\/h2><div class=\"line\"><\/div><\/div><\/a><\/div>\n[\/vc_column][vc_column width=&#8220;1\/3&#8243;]<div class=\"trailer_box \"><a href=\"https:\/\/renegadehotel.hu\/de\/programme\/\" ><img loading=\"lazy\" decoding=\"async\" class=\"scale-with-grid\" src=\"https:\/\/renegadehotel.hu\/wp-content\/uploads\/2017\/04\/strand.jpg\" alt=\"strand\" width=\"645\" height=\"400\"\/><div class=\"desc\"><h2>Si\u00f3fok Pl\u00e1zs, strand<\/h2><div class=\"line\"><\/div><\/div><\/a><\/div>\n[\/vc_column][\/vc_row][vc_row full_width=&#8220;stretch_row_content_no_spaces&#8220;][vc_column]<div id='wrap_map_69d97d76abc2d' class='ultimate-map-wrapper ult-adjust-bottom-margin ' style=' height:600px;'><div id='map_69d97d76abc2d' data-map_override='0' class='ultimate_google_map wpb_content_element page_margin_top' style='width:100%;height:600px;'><\/div><\/div><script type='text\/javascript'>\n\t\t\t(function($) {\n  \t\t\t'use strict';\n\t\t\tvar map_map_69d97d76abc2d = null;\n\t\t\tvar coordinate_map_69d97d76abc2d;\n\t\t\tvar isDraggable = $(document).width() > 641 ? false : false;\n\t\t\ttry\n\t\t\t{\n\t\t\t\tvar map_map_69d97d76abc2d = null;\n\t\t\t\tvar coordinate_map_69d97d76abc2d;\n\t\t\t\tcoordinate_map_69d97d76abc2d=new google.maps.LatLng(46.910703, 18.052053);\n\t\t\t\tvar mapOptions=\n\t\t\t\t{\n\t\t\t\t\tzoom: 15,\n\t\t\t\t\tcenter: coordinate_map_69d97d76abc2d,\n\t\t\t\t\tscaleControl: true,\n\t\t\t\t\tstreetViewControl: false,\n\t\t\t\t\tmapTypeControl: false,\n\t\t\t\t\tpanControl: false,\n\t\t\t\t\tzoomControl: true,\n\t\t\t\t\tscrollwheel: true,\n\t\t\t\t\tdraggable: isDraggable,\n\t\t\t\t\tzoomControlOptions: {\n\t\t\t\t\t\tposition: google.maps.ControlPosition.RIGHT_BOTTOM\n\t\t\t\t\t}, mapTypeControlOptions: {\n\t\t\t\t\t  \t\tmapTypeIds: [google.maps.MapTypeId.ROADMAP, 'map_style']\n\t\t\t\t\t\t}};var styles = [{\"featureType\":\"all\",\"elementType\":\"labels.text.fill\",\"stylers\":[{\"saturation\":36},{\"color\":\"#000000\"},{\"lightness\":40}]},{\"featureType\":\"all\",\"elementType\":\"labels.text.stroke\",\"stylers\":[{\"visibility\":\"on\"},{\"color\":\"#000000\"},{\"lightness\":16}]},{\"featureType\":\"all\",\"elementType\":\"labels.icon\",\"stylers\":[{\"visibility\":\"off\"}]},{\"featureType\":\"administrative\",\"elementType\":\"geometry.fill\",\"stylers\":[{\"color\":\"#000000\"},{\"lightness\":20}]},{\"featureType\":\"administrative\",\"elementType\":\"geometry.stroke\",\"stylers\":[{\"color\":\"#000000\"},{\"lightness\":17},{\"weight\":1.2}]},{\"featureType\":\"landscape\",\"elementType\":\"geometry\",\"stylers\":[{\"color\":\"#000000\"},{\"lightness\":20}]},{\"featureType\":\"poi\",\"elementType\":\"geometry\",\"stylers\":[{\"color\":\"#000000\"},{\"lightness\":21}]},{\"featureType\":\"road.highway\",\"elementType\":\"geometry.fill\",\"stylers\":[{\"color\":\"#000000\"},{\"lightness\":17}]},{\"featureType\":\"road.highway\",\"elementType\":\"geometry.stroke\",\"stylers\":[{\"color\":\"#000000\"},{\"lightness\":29},{\"weight\":0.2}]},{\"featureType\":\"road.arterial\",\"elementType\":\"geometry\",\"stylers\":[{\"color\":\"#000000\"},{\"lightness\":18}]},{\"featureType\":\"road.local\",\"elementType\":\"geometry\",\"stylers\":[{\"color\":\"#000000\"},{\"lightness\":16}]},{\"featureType\":\"transit\",\"elementType\":\"geometry\",\"stylers\":[{\"color\":\"#000000\"},{\"lightness\":19}]},{\"featureType\":\"water\",\"elementType\":\"geometry\",\"stylers\":[{\"color\":\"#000000\"},{\"lightness\":17}]}]; var styledMap = new google.maps.StyledMapType(styles,{name: \"Styled Map\"});var map_map_69d97d76abc2d = new google.maps.Map(document.getElementById('map_69d97d76abc2d'),mapOptions);map_map_69d97d76abc2d.mapTypes.set('map_style', styledMap);\n \t\t\t\t\t\t\t map_map_69d97d76abc2d.setMapTypeId('map_style');\n\t\t\t\t\t\tvar x = 'infowindow_open_value';\n\t\t\t\t\t\tvar marker_map_69d97d76abc2d = new google.maps.Marker({\n\t\t\t\t\t\tposition: new google.maps.LatLng(46.910703, 18.052053),\n\t\t\t\t\t\tanimation:  google.maps.Animation.DROP,\n\t\t\t\t\t\tmap: map_map_69d97d76abc2d,\n\t\t\t\t\t\ticon: ''\n\t\t\t\t\t});\tgoogle.maps.event.addListener(marker_map_69d97d76abc2d, 'click', toggleBounce);}\n\t\t\tcatch(e){};\n\t\t\tjQuery(document).ready(function($){\n\t\t\t\tgoogle.maps.event.trigger(map_map_69d97d76abc2d, 'resize');\n\t\t\t\t$(window).resize(function(){\n\t\t\t\t\tgoogle.maps.event.trigger(map_map_69d97d76abc2d, 'resize');\n\t\t\t\t\tif(map_map_69d97d76abc2d!=null)\n\t\t\t\t\t\tmap_map_69d97d76abc2d.setCenter(coordinate_map_69d97d76abc2d);\n\t\t\t\t});\n\t\t\t\t$('.ui-tabs').bind('tabsactivate', function(event, ui) {\n\t\t\t\t   if($(this).find('.ultimate-map-wrapper').length > 0)\n\t\t\t\t\t{\n\t\t\t\t\t\tsetTimeout(function(){\n\t\t\t\t\t\t\t$(window).trigger('resize');\n\t\t\t\t\t\t},200);\n\t\t\t\t\t}\n\t\t\t\t});\n\t\t\t\t$('.ui-accordion').bind('accordionactivate', function(event, ui) {\n\t\t\t\t   if($(this).find('.ultimate-map-wrapper').length > 0)\n\t\t\t\t\t{\n\t\t\t\t\t\tsetTimeout(function(){\n\t\t\t\t\t\t\t$(window).trigger('resize');\n\t\t\t\t\t\t},200);\n\t\t\t\t\t}\n\t\t\t\t});\n\t\t\t\t$(window).load(function(){\n\t\t\t\t\tsetTimeout(function(){\n\t\t\t\t\t\t$(window).trigger('resize');\n\t\t\t\t\t},200);\n\t\t\t\t});\n\t\t\t\t$('.ult_exp_section').select(function(){\n\t\t\t\t\tif($(map_map_69d97d76abc2d).parents('.ult_exp_section'))\n\t\t\t\t\t{\n\t\t\t\t\t\tsetTimeout(function(){\n\t\t\t\t\t\t\t$(window).trigger('resize');\n\t\t\t\t\t\t},200);\n\t\t\t\t\t}\n\t\t\t\t});\n\t\t\t\t$(document).on('onUVCModalPopupOpen', function(){\n\t\t\t\t\tif($(map_map_69d97d76abc2d).parents('.ult_modal-content'))\n\t\t\t\t\t{\n\t\t\t\t\t\tsetTimeout(function(){\n\t\t\t\t\t\t\t$(window).trigger('resize');\n\t\t\t\t\t\t},200);\n\t\t\t\t\t}\n\t\t\t\t});\n\t\t\t\t$(document).on('click','.ult_tab_li',function(){\n\t\t\t\t\t$(window).trigger('resize');\n\t\t\t\t\tsetTimeout(function(){\n\t\t\t\t\t\t$(window).trigger('resize');\n\t\t\t\t\t},200);\n\t\t\t\t});\n\t\t\t});\n\t\t\tfunction toggleBounce() {\n\t\t\t  if (marker_map_69d97d76abc2d.getAnimation() != null) {\n\t\t\t\tmarker_map_69d97d76abc2d.setAnimation(null);\n\t\t\t  } else {\n\t\t\t\tmarker_map_69d97d76abc2d.setAnimation(google.maps.Animation.BOUNCE);\n\t\t\t  }\n\t\t\t}\n\t\t\t})(jQuery);\n\t\t\t<\/script>[\/vc_column][\/vc_row][vc_row el_class=&#8220;kapcsolat&#8220; css=&#8220;.vc_custom_1494025017259{padding-bottom: 400px !important;}&#8220;][vc_column width=&#8220;1\/3&#8243;][\/vc_column][vc_column width=&#8220;1\/3&#8243;][vc_column_text]<\/p>\n<h2 style=\"text-align: center;\">RENEGADE HOTEL<\/h2>\n<h4 style=\"text-align: center;\">H-8600 SI\u00d3FOK, PET\u0150FI S\u00c9T\u00c1NY. 4.<br \/>\nMOBIL:<a href=\"tel:0036704547797\"> (00-36) 70\/454-7797<\/a><br \/>\nTEL:<a href=\"tel:003684311506\"> (00-36) 84\/311-506<br \/>\n<\/a>FAX:\u00a0<a href=\"tel:+003684506624\">(00-36) 84\/506-624<\/a><br \/>\n<a href=\"mailto:renegadehotel@renegadehotel.hu\">RENEGADEHOTEL@RENEGADEHOTEL.HU<\/a><\/h4>\n<p>[\/vc_column_text][\/vc_column][vc_column width=&#8220;1\/3&#8243;][\/vc_column][\/vc_row]<\/p>\n<\/div>","protected":false},"excerpt":{"rendered":"<p>[vc_row css=&#8220;.vc_custom_1493926195254{padding-top: 60px !important;}&#8220;][vc_column width=&#8220;1\/2&#8243; el_class=&#8220;bemutatkozas&#8220;][vc_column_text el_class=&#8220;justify &#8220; css=&#8220;.vc_custom_1524000414008{padding-top: 50px !important;padding-right: 50px !important;padding-bottom: 50px !important;padding-left: 50px !important;background-color: #8c1d26 !important;}&#8220;] LAGE Der Name &#8222;Renegade Sport Hotel&#8220; klingt<span class=\"excerpt-hellip\"> [\u2026]<\/span><\/p>\n","protected":false},"author":1,"featured_media":0,"parent":0,"menu_order":0,"comment_status":"closed","ping_status":"closed","template":"","meta":{"footnotes":""},"class_list":["post-345","page","type-page","status-publish","hentry"],"_links":{"self":[{"href":"https:\/\/renegadehotel.hu\/de\/wp-json\/wp\/v2\/pages\/345","targetHints":{"allow":["GET"]}}],"collection":[{"href":"https:\/\/renegadehotel.hu\/de\/wp-json\/wp\/v2\/pages"}],"about":[{"href":"https:\/\/renegadehotel.hu\/de\/wp-json\/wp\/v2\/types\/page"}],"author":[{"embeddable":true,"href":"https:\/\/renegadehotel.hu\/de\/wp-json\/wp\/v2\/users\/1"}],"replies":[{"embeddable":true,"href":"https:\/\/renegadehotel.hu\/de\/wp-json\/wp\/v2\/comments?post=345"}],"version-history":[{"count":1,"href":"https:\/\/renegadehotel.hu\/de\/wp-json\/wp\/v2\/pages\/345\/revisions"}],"predecessor-version":[{"id":414,"href":"https:\/\/renegadehotel.hu\/de\/wp-json\/wp\/v2\/pages\/345\/revisions\/414"}],"wp:attachment":[{"href":"https:\/\/renegadehotel.hu\/de\/wp-json\/wp\/v2\/media?parent=345"}],"curies":[{"name":"wp","href":"https:\/\/api.w.org\/{rel}","templated":true}]}}