{"id":262,"date":"2017-05-25T13:59:12","date_gmt":"2017-05-25T13:59:12","guid":{"rendered":"https:\/\/renegadehotel.hu\/?page_id=262"},"modified":"2025-09-30T16:07:15","modified_gmt":"2025-09-30T16:07:15","slug":"dienstleistungen","status":"publish","type":"page","link":"https:\/\/renegadehotel.hu\/de\/dienstleistungen\/","title":{"rendered":"Dienstleistungen"},"content":{"rendered":"<div class=\"wpb-content-wrapper\"><p>[vc_row][vc_column width=&#8220;1\/2&#8243;][vc_column_text]<\/p>\n<h2>Nicht nur einen Tag zu verbringen am Balaton:<\/h2>\n<p>Baden am Strand ist echt der Hammer, wenn man es den ganzen Tag lang tun kann. Sie w\u00fcrden sicherlich eine Unterkunft in der N\u00e4he bevorzugen, um nicht weit von vielen interessanten Angeboten am Balaton-Ufer entfenrt zu sein. Gl\u00fccklicherweise ist das kein Problem, da sich die anspruchsvollen Hotels in Si\u00f3fok direkt neben den Str\u00e4nden befinden. Ein ausgezeichnetes Beispiel daf\u00fcr ist unser Hotel Renegade weil es &#8211; dank seiner zentralen Lage- bei den G\u00e4sten in S\u00f3fok sehr beliebt ist. Unsere Qualit\u00e4tsunterkunft bietet eine familienfreundliche Atmosph\u00e4re, mit eigenem Schwimmbad\u00a0 an der Pet\u0151fi-Promenade, nur 50 Meter vom Ufer entfernt. Sie k\u00f6nnen sogar in wenigen Geminuten Freistr\u00e4nde erreichen sowie auch viele Unterhaltungsm\u00f6glichkeiten, besonders geignet f\u00fcr Touriesten die gerne abends zur Party gehen.[\/vc_column_text][\/vc_column][vc_column width=&#8220;1\/2&#8243;][vc_column_text css=&#8220;&#8220;]<\/p>\n<ul>\n<li><span id=\"result_box\" class=\"\" lang=\"de\">W-LAN<\/span><\/li>\n<li><span id=\"result_box\" class=\"\" lang=\"de\">Freibad<\/span><\/li>\n<li><span id=\"result_box\" class=\"\" lang=\"de\">Das Restaurant des Hotels<\/span><\/li>\n<li><span id=\"result_box\" class=\"\" lang=\"de\">Salon<\/span><\/li>\n<li><span id=\"result_box\" class=\"\" lang=\"de\">Klimatisierte Zimmer<\/span><\/li>\n<li><span id=\"result_box\" class=\"\" lang=\"de\">Mehrsprachiges Personal<\/span><\/li>\n<li><span id=\"result_box\" class=\"\" lang=\"de\"><span class=\"\">Kontakt f\u00fcr Reiten und Radfahren<\/span><\/span><\/li>\n<li><span id=\"result_box\" class=\"\" lang=\"de\">Bar<\/span><\/li>\n<li><span id=\"result_box\" class=\"\" lang=\"de\">Billard<\/span><\/li>\n<li><span id=\"result_box\" class=\"\" lang=\"de\">Geschlossener Parkplatz<\/span><\/li>\n<li>Massage<\/li>\n<\/ul>\n<p>[\/vc_column_text][\/vc_column][\/vc_row]<\/p>\n<\/div>","protected":false},"excerpt":{"rendered":"<p>[vc_row][vc_column width=&#8220;1\/2&#8243;][vc_column_text] Nicht nur einen Tag zu verbringen am Balaton: Baden am Strand ist echt der Hammer, wenn man es den ganzen Tag lang tun kann.<span class=\"excerpt-hellip\"> [\u2026]<\/span><\/p>\n","protected":false},"author":1,"featured_media":0,"parent":0,"menu_order":0,"comment_status":"closed","ping_status":"closed","template":"","meta":{"footnotes":""},"class_list":["post-262","page","type-page","status-publish","hentry"],"_links":{"self":[{"href":"https:\/\/renegadehotel.hu\/de\/wp-json\/wp\/v2\/pages\/262","targetHints":{"allow":["GET"]}}],"collection":[{"href":"https:\/\/renegadehotel.hu\/de\/wp-json\/wp\/v2\/pages"}],"about":[{"href":"https:\/\/renegadehotel.hu\/de\/wp-json\/wp\/v2\/types\/page"}],"author":[{"embeddable":true,"href":"https:\/\/renegadehotel.hu\/de\/wp-json\/wp\/v2\/users\/1"}],"replies":[{"embeddable":true,"href":"https:\/\/renegadehotel.hu\/de\/wp-json\/wp\/v2\/comments?post=262"}],"version-history":[{"count":2,"href":"https:\/\/renegadehotel.hu\/de\/wp-json\/wp\/v2\/pages\/262\/revisions"}],"predecessor-version":[{"id":900,"href":"https:\/\/renegadehotel.hu\/de\/wp-json\/wp\/v2\/pages\/262\/revisions\/900"}],"wp:attachment":[{"href":"https:\/\/renegadehotel.hu\/de\/wp-json\/wp\/v2\/media?parent=262"}],"curies":[{"name":"wp","href":"https:\/\/api.w.org\/{rel}","templated":true}]}}