{"id":258,"date":"2017-05-25T13:50:18","date_gmt":"2017-05-25T13:50:18","guid":{"rendered":"https:\/\/renegadehotel.hu\/?page_id=258"},"modified":"2025-09-30T17:19:18","modified_gmt":"2025-09-30T17:19:18","slug":"zimmer-preise","status":"publish","type":"page","link":"https:\/\/renegadehotel.hu\/de\/zimmer-preise\/","title":{"rendered":"Zimmer, Preise"},"content":{"rendered":"<div class=\"wpb-content-wrapper\"><p>[vc_row][vc_column width=&#8220;1\/6&#8243;]<div class=\"stats-block stats-top  \"><div class=\"aio-icon-top\"><div class=\"ult-just-icon-wrapper  \"><div class=\"align-icon\" style=\"text-align:center;\"><\/div><\/div><\/div><div class=\"stats-desc\" id=\"counter-responsv-wrap-8204\"><div id=\"counter_17380646069df013c634d6\" data-id=\"counter_17380646069df013c634d6\"  data-ultimate-target='#counter-responsv-wrap-8204 .stats-number'  data-responsive-json-new='{\"font-size\":\"desktop:80px;\",\"line-height\":\"\"}'  class=\"stats-number ult-responsive\" style=\"  color:#8c1d26;\" data-speed=\"2\" data-counter-value=\"2\" data-separator=\",\" data-decimal=\".\">0<\/div><div id=\"counter_17380646069df013c634d6\"  data-ultimate-target='#counter-responsv-wrap-8204 .stats-text'  data-responsive-json-new='{\"font-size\":\"\",\"line-height\":\"\"}'  class=\"stats-text ult-responsive\" style=\"font-size:18px;  font-weight:bold;\">Einzelzimmer ( Bett: 90x200 )<\/div><\/div><\/div>[\/vc_column][vc_column width=&#8220;1\/6&#8243;]<div class=\"stats-block stats-top  \"><div class=\"aio-icon-top\"><div class=\"ult-just-icon-wrapper  \"><div class=\"align-icon\" style=\"text-align:center;\"><\/div><\/div><\/div><div class=\"stats-desc\" id=\"counter-responsv-wrap-8566\"><div id=\"counter_360181682969df013c63584\" data-id=\"counter_360181682969df013c63584\"  data-ultimate-target='#counter-responsv-wrap-8566 .stats-number'  data-responsive-json-new='{\"font-size\":\"desktop:80px;\",\"line-height\":\"\"}'  class=\"stats-number ult-responsive\" style=\"  color:#8c1d26;\" data-speed=\"2\" data-counter-value=\"10\" data-separator=\",\" data-decimal=\".\">0<\/div><div id=\"counter_360181682969df013c63584\"  data-ultimate-target='#counter-responsv-wrap-8566 .stats-text'  data-responsive-json-new='{\"font-size\":\"\",\"line-height\":\"\"}'  class=\"stats-text ult-responsive\" style=\"font-size:18px;  font-weight:bold;\">Doppelzimmer mit separate Betten ( Bett: 90x200 )<\/div><\/div><\/div>[\/vc_column][vc_column width=&#8220;1\/6&#8243;]<div class=\"stats-block stats-top  \"><div class=\"aio-icon-top\"><div class=\"ult-just-icon-wrapper  \"><div class=\"align-icon\" style=\"text-align:center;\"><\/div><\/div><\/div><div class=\"stats-desc\" id=\"counter-responsv-wrap-1694\"><div id=\"counter_409579566669df013c6361d\" data-id=\"counter_409579566669df013c6361d\"  data-ultimate-target='#counter-responsv-wrap-1694 .stats-number'  data-responsive-json-new='{\"font-size\":\"desktop:80px;\",\"line-height\":\"\"}'  class=\"stats-number ult-responsive\" style=\"  color:#8c1d26;\" data-speed=\"2\" data-counter-value=\"9\" data-separator=\",\" data-decimal=\".\">0<\/div><div id=\"counter_409579566669df013c6361d\"  data-ultimate-target='#counter-responsv-wrap-1694 .stats-text'  data-responsive-json-new='{\"font-size\":\"\",\"line-height\":\"\"}'  class=\"stats-text ult-responsive\" style=\"font-size:18px;  font-weight:bold;\">Doppelzimmer mit Doppelbett ( Bett: 160x200 )<\/div><\/div><\/div>[\/vc_column][vc_column width=&#8220;1\/6&#8243;]<div class=\"stats-block stats-top  \"><div class=\"aio-icon-top\"><div class=\"ult-just-icon-wrapper  \"><div class=\"align-icon\" style=\"text-align:center;\"><\/div><\/div><\/div><div class=\"stats-desc\" id=\"counter-responsv-wrap-7237\"><div id=\"counter_384683315969df013c636aa\" data-id=\"counter_384683315969df013c636aa\"  data-ultimate-target='#counter-responsv-wrap-7237 .stats-number'  data-responsive-json-new='{\"font-size\":\"desktop:80px;\",\"line-height\":\"\"}'  class=\"stats-number ult-responsive\" style=\"  color:#8c1d26;\" data-speed=\"2\" data-counter-value=\"7\" data-separator=\",\" data-decimal=\".\">0<\/div><div id=\"counter_384683315969df013c636aa\"  data-ultimate-target='#counter-responsv-wrap-7237 .stats-text'  data-responsive-json-new='{\"font-size\":\"\",\"line-height\":\"\"}'  class=\"stats-text ult-responsive\" style=\"font-size:18px;  font-weight:bold;\">3er Zimmer<\/div><\/div><\/div>[\/vc_column][vc_column width=&#8220;1\/6&#8243;]<div class=\"stats-block stats-top  \"><div class=\"aio-icon-top\"><div class=\"ult-just-icon-wrapper  \"><div class=\"align-icon\" style=\"text-align:center;\"><\/div><\/div><\/div><div class=\"stats-desc\" id=\"counter-responsv-wrap-5871\"><div id=\"counter_244089974869df013c63735\" data-id=\"counter_244089974869df013c63735\"  data-ultimate-target='#counter-responsv-wrap-5871 .stats-number'  data-responsive-json-new='{\"font-size\":\"desktop:80px;\",\"line-height\":\"\"}'  class=\"stats-number ult-responsive\" style=\"  color:#8c1d26;\" data-speed=\"2\" data-counter-value=\"6\" data-separator=\",\" data-decimal=\".\">0<\/div><div id=\"counter_244089974869df013c63735\"  data-ultimate-target='#counter-responsv-wrap-5871 .stats-text'  data-responsive-json-new='{\"font-size\":\"\",\"line-height\":\"\"}'  class=\"stats-text ult-responsive\" style=\"font-size:18px;  font-weight:bold;\">Familienzimmer ( max. 4 Personen)<\/div><\/div><\/div>[\/vc_column][vc_column width=&#8220;1\/6&#8243;]<div class=\"stats-block stats-top  \"><div class=\"aio-icon-top\"><div class=\"ult-just-icon-wrapper  \"><div class=\"align-icon\" style=\"text-align:center;\"><\/div><\/div><\/div><div class=\"stats-desc\" id=\"counter-responsv-wrap-1712\"><div id=\"counter_149871988269df013c637f9\" data-id=\"counter_149871988269df013c637f9\"  data-ultimate-target='#counter-responsv-wrap-1712 .stats-number'  data-responsive-json-new='{\"font-size\":\"desktop:80px;\",\"line-height\":\"\"}'  class=\"stats-number ult-responsive\" style=\"  color:#8c1d26;\" data-speed=\"2\" data-counter-value=\"2\" data-separator=\",\" data-decimal=\".\">0<\/div><div id=\"counter_149871988269df013c637f9\"  data-ultimate-target='#counter-responsv-wrap-1712 .stats-text'  data-responsive-json-new='{\"font-size\":\"\",\"line-height\":\"\"}'  class=\"stats-text ult-responsive\" style=\"font-size:18px;  font-weight:bold;\">Luxury Suite mit Yacuzzi (2-5 Personen)<\/div><\/div><\/div>[\/vc_column][vc_column][vc_column_text css=&#8220;&#8220;]<\/p>\n<h4 style=\"text-align: center;\">Unsere Zimmer stehen mit den folgenden Bettenkonfigurationen zur Verf\u00fcgung<\/h4>\n<p style=\"text-align: center;\"><strong>F\u00fcr ein 3-Personen-Zimmer<br \/>\n<\/strong>3 Einzelbetten (3\u00d790cm\u00d7200cm) oder 1 Einzelbett (1\u00d790cm\u00d7200cm) und 1 Doppelbett (1\u00d7160cm\u00d7200cm)<\/p>\n<p style=\"text-align: center;\"><strong>F\u00fcr ein Familienzimmer<br \/>\n<\/strong>2 Doppelbetten (2\u00d7160cm\u00d7200cm)<\/p>\n<p style=\"text-align: center;\"><strong>F\u00fcr eine Jacuzzi Suite<\/strong><br \/>\n1 Doppelbett (1\u00d7160cm\u00d7200cm) und 2 oder 3 Einzelbetten (2 oder 3\u00d790cm\u00d7200cm)<\/p>\n<p style=\"text-align: center;\"><strong><span id=\"result_box\" class=\"short_text\" lang=\"en\"><span class=\"\">Die Zimmer k\u00f6nnen innerhalb der Kategorie variieren.<\/span><\/span><\/strong><\/p>\n<p>\u00a0[\/vc_column_text][\/vc_column][\/vc_row][vc_row full_width=&#8220;stretch_row&#8220; css=&#8220;.vc_custom_1494537985396{background-image: url(https:\/\/renegadehotel.hu\/wp-content\/uploads\/2017\/04\/szoba-hatter.jpg?id=186) !important;}&#8220; el_class=&#8220;arak&#8220;][vc_column][vc_column_text css=&#8220;&#8220;]<\/p>\n<h2 style=\"text-align: center;\">Preise<\/h2>\n<p style=\"text-align: center;\">Wir behalten uns das Recht vor, die Preise zu \u00e4ndern!<\/p>\n<p>[\/vc_column_text][\/vc_column][vc_column width=&#8220;1\/2&#8243;][vc_column_text css=&#8220;&#8220;]<\/p>\n<h3 style=\"text-align: center;\"><span id=\"result_box\" class=\"short_text\" lang=\"en\" style=\"color: #000000;\"><span class=\"\"><span id=\"result_box\" class=\"short_text\" lang=\"de\">Vor-, Nachsaison<\/span><\/span><\/span><\/h3>\n<p style=\"text-align: center;\"><span style=\"color: #000000;\">(01.01.-19.06.2025), (24.08.-12.20.2025)<\/span><\/p>\n<table width=\"627\">\n<tbody>\n<tr>\n<td width=\"157\"><\/td>\n<td width=\"157\">Doppelzimmer<\/td>\n<td width=\"157\"><span id=\"result_box\" class=\"short_text\" lang=\"de\"><span class=\"\">Einzelzimmer<\/span><\/span><\/td>\n<td width=\"157\"><span id=\"result_box\" class=\"short_text\" lang=\"de\"><span class=\"\">3er Zimmer<\/span><\/span><\/td>\n<\/tr>\n<tr>\n<td width=\"157\">1 Nacht<\/td>\n<td width=\"157\"><strong>110<\/strong> \u20ac\/Zimmer\/Nacht<\/td>\n<td width=\"157\">\u00a0<strong>65<\/strong> \u20ac\/Zimmer\/Nacht<\/td>\n<td width=\"157\"><strong>149<\/strong>\u00a0\u20ac\/Zimmer\/Nacht<\/td>\n<\/tr>\n<tr>\n<td width=\"157\">Minimum 3 N\u00e4chte<\/td>\n<td width=\"157\"><strong>87<\/strong>\u20ac\/Zimmer\/Nacht<\/td>\n<td width=\"157\">\u00a0<strong>58 <\/strong>\u20ac\/Zimmer\/Nacht<\/td>\n<td width=\"157\"><strong>125<\/strong> \u20ac\/Zimmer\/Nacht<\/td>\n<\/tr>\n<tr>\n<td width=\"157\">Minimum 5\u00a0 N\u00e4chte<\/td>\n<td width=\"157\"><strong>79<\/strong> \u20ac\/Zimmer\/Nacht<\/td>\n<td width=\"157\"><strong>53<\/strong> \u20ac\/Zimmer\/Nacht<\/td>\n<td width=\"157\"><strong>111<\/strong> \u20ac\/Zimmer\/Nacht<\/td>\n<\/tr>\n<\/tbody>\n<\/table>\n<p>[\/vc_column_text][\/vc_column][vc_column width=&#8220;1\/2&#8243;][vc_column_text css=&#8220;&#8220;]<\/p>\n<h3 style=\"text-align: center;\"><span id=\"result_box\" class=\"short_text\" lang=\"en\" style=\"color: #000000;\"><span class=\"\"><span id=\"result_box\" class=\"short_text\" lang=\"de\">Hauptsaison<\/span><\/span><\/span><\/h3>\n<p style=\"text-align: center;\"><span style=\"color: #000000;\">(20.06.-23.08.2025)<\/span><\/p>\n<table width=\"625\">\n<tbody>\n<tr>\n<td width=\"156\"><em>\u00a0<\/em><\/td>\n<td width=\"156\">Doppelzimmer<\/td>\n<td width=\"156\"><span id=\"result_box\" class=\"short_text\" lang=\"de\"><span class=\"\">Einzelzimmer<\/span><\/span><\/td>\n<td width=\"156\"><span id=\"result_box\" class=\"short_text\" lang=\"de\"><span class=\"\">3er Zimmer<\/span><\/span><\/td>\n<\/tr>\n<tr>\n<td width=\"156\">1 Nacht<\/td>\n<td width=\"156\"><strong>146<\/strong> \u20ac\/Zimmer\/Nacht<\/td>\n<td width=\"156\"><strong>99<\/strong> \u20ac\/Zimmer\/Nacht<\/td>\n<td width=\"156\"><strong>195 <\/strong>\u20ac\/Zimmer\/Nacht<\/td>\n<\/tr>\n<tr>\n<td width=\"156\">Minimum 3 N\u00e4chte<\/td>\n<td width=\"156\"><strong>118<\/strong> \u20ac\/Zimmer\/Nacht<\/td>\n<td width=\"156\"><strong>85<\/strong> \u20ac\/Zimmer\/Nacht<\/td>\n<td width=\"156\"><strong>158<\/strong> \u20ac\/Zimmer\/Nacht<\/td>\n<\/tr>\n<tr>\n<td width=\"156\">Minimum 5 N\u00e4chte<\/td>\n<td width=\"156\"><strong>96<\/strong>\u20ac\/Zimmer\/Nacht<\/td>\n<td width=\"156\"><strong>70<\/strong> \u20ac\/Zimmer\/Nacht<\/td>\n<td width=\"156\"><strong>130<\/strong>\u20ac\/Zimmer\/Nacht<\/td>\n<\/tr>\n<\/tbody>\n<\/table>\n<p>[\/vc_column_text][\/vc_column][vc_column]<div id=\"ult-carousel-304702239669df013c63913\" class=\"ult-carousel-wrapper   ult_horizontal\" data-gutter=\"5\" data-rtl=\"false\" ><div class=\"ult-carousel-17395580569df013c63826 \" >[vc_single_image image=&#8220;141&#8243; img_size=&#8220;full&#8220; alignment=&#8220;center&#8220;][vc_single_image image=&#8220;137&#8243; img_size=&#8220;full&#8220; alignment=&#8220;center&#8220;][vc_single_image image=&#8220;138&#8243; img_size=&#8220;full&#8220; alignment=&#8220;center&#8220;][vc_single_image image=&#8220;188&#8243; img_size=&#8220;full&#8220; alignment=&#8220;center&#8220;][vc_single_image image=&#8220;139&#8243; img_size=&#8220;full&#8220; alignment=&#8220;center&#8220;][vc_single_image image=&#8220;140&#8243; img_size=&#8220;full&#8220; alignment=&#8220;center&#8220;]<\/div><\/div>\t\t\t<script type=\"text\/javascript\">\n\t\t\t\tjQuery(document).ready(function ($) {\n\t\t\t\t\tif( typeof jQuery('.ult-carousel-17395580569df013c63826').slick == \"function\"){\n\t\t\t\t\t\t$('.ult-carousel-17395580569df013c63826').slick({dots: false,autoplay: true,autoplaySpeed: 2500,speed: 300,infinite: true,arrows: true,nextArrow: '<button type=\"button\" role=\"button\" aria-label=\"Next\" style=\"color:#333333; font-size:20px;\" class=\"slick-next default\"><i class=\"ultsl-arrow-right4\"><\/i><\/button>',prevArrow: '<button type=\"button\" role=\"button\" aria-label=\"Previous\" style=\"color:#333333; font-size:20px;\" class=\"slick-prev default\"><i class=\"ultsl-arrow-left4\"><\/i><\/button>',slidesToScroll:1,slidesToShow:4,swipe: true,draggable: true,touchMove: true,pauseOnHover: true,pauseOnFocus: false,responsive: [\n\t\t\t\t\t\t\t{\n\t\t\t\t\t\t\t  breakpoint: 1026,\n\t\t\t\t\t\t\t  settings: {\n\t\t\t\t\t\t\t\tslidesToShow: 4,\n\t\t\t\t\t\t\t\tslidesToScroll: 1,  \n\t\t\t\t\t\t\t  }\n\t\t\t\t\t\t\t},\n\t\t\t\t\t\t\t{\n\t\t\t\t\t\t\t  breakpoint: 1025,\n\t\t\t\t\t\t\t  settings: {\n\t\t\t\t\t\t\t\tslidesToShow: 2,\n\t\t\t\t\t\t\t\tslidesToScroll: 1\n\t\t\t\t\t\t\t  }\n\t\t\t\t\t\t\t},\n\t\t\t\t\t\t\t{\n\t\t\t\t\t\t\t  breakpoint: 760,\n\t\t\t\t\t\t\t  settings: {\n\t\t\t\t\t\t\t\tslidesToShow: 1,\n\t\t\t\t\t\t\t\tslidesToScroll: 1\n\t\t\t\t\t\t\t  }\n\t\t\t\t\t\t\t}\n\t\t\t\t\t\t],pauseOnDotsHover: true,customPaging: function(slider, i) {\n                   return '<i type=\"button\" style= \"color:#333333;\" class=\"ultsl-record\" data-role=\"none\"><\/i>';\n                },});\n\t\t\t\t\t}\n\t\t\t\t});\n\t\t\t<\/script>\n\t\t\t[\/vc_column][\/vc_row][vc_row][vc_column width=&#8220;1\/2&#8243;][vc_single_image image=&#8220;71&#8243; img_size=&#8220;full&#8220;][\/vc_column][vc_column width=&#8220;1\/2&#8243;][vc_column_text css=&#8220;&#8220;]<\/p>\n<h3>Luxus Suite mit Yacuzzi<\/h3>\n<p><span id=\"result_box\" class=\"short_text\" lang=\"de\"><span class=\"\">275\u20ac-355\u20ac\/Nacht &#8211; minimum 2 N\u00e4chte<\/span><\/span><\/p>\n<h3><span id=\"result_box\" class=\"short_text\" lang=\"en\"><span class=\"\"><span id=\"result_box\" class=\"short_text\" lang=\"de\">Kinderangebot:<\/span><\/span><\/span><\/h3>\n<p>0-3: 100%<br \/>\n3-10: 50%<br \/>\n10-:0%<\/p>\n<h3><span id=\"result_box\" class=\"short_text\" lang=\"en\"><span class=\"\"><span id=\"result_box\" class=\"\" lang=\"de\">Andere Informationen<\/span><\/span><\/span><\/h3>\n<p><span id=\"result_box\" class=\"\" lang=\"en\"><span class=\"\"><span id=\"result_box\" class=\"\" lang=\"de\">Unser Hotel liegt direkt an der Promenade und ist daher in der Hochsaison laut.<br \/>\nDas Geb\u00e4ude hat 3 Etagen und keinen Aufzug.<\/span><\/span><\/span><\/p>\n<p>[\/vc_column_text][\/vc_column][\/vc_row]<\/p>\n<\/div>","protected":false},"excerpt":{"rendered":"<p>[vc_row][vc_column width=&#8220;1\/6&#8243;][\/vc_column][vc_column width=&#8220;1\/6&#8243;][\/vc_column][vc_column width=&#8220;1\/6&#8243;][\/vc_column][vc_column width=&#8220;1\/6&#8243;][\/vc_column][vc_column width=&#8220;1\/6&#8243;][\/vc_column][vc_column width=&#8220;1\/6&#8243;][\/vc_column][vc_column][vc_column_text css=&#8220;&#8220;] Unsere Zimmer stehen mit den folgenden Bettenkonfigurationen zur Verf\u00fcgung F\u00fcr ein 3-Personen-Zimmer 3 Einzelbetten (3\u00d790cm\u00d7200cm) oder 1 Einzelbett<span class=\"excerpt-hellip\"> [\u2026]<\/span><\/p>\n","protected":false},"author":1,"featured_media":0,"parent":0,"menu_order":0,"comment_status":"closed","ping_status":"closed","template":"","meta":{"footnotes":""},"class_list":["post-258","page","type-page","status-publish","hentry"],"_links":{"self":[{"href":"https:\/\/renegadehotel.hu\/de\/wp-json\/wp\/v2\/pages\/258","targetHints":{"allow":["GET"]}}],"collection":[{"href":"https:\/\/renegadehotel.hu\/de\/wp-json\/wp\/v2\/pages"}],"about":[{"href":"https:\/\/renegadehotel.hu\/de\/wp-json\/wp\/v2\/types\/page"}],"author":[{"embeddable":true,"href":"https:\/\/renegadehotel.hu\/de\/wp-json\/wp\/v2\/users\/1"}],"replies":[{"embeddable":true,"href":"https:\/\/renegadehotel.hu\/de\/wp-json\/wp\/v2\/comments?post=258"}],"version-history":[{"count":15,"href":"https:\/\/renegadehotel.hu\/de\/wp-json\/wp\/v2\/pages\/258\/revisions"}],"predecessor-version":[{"id":907,"href":"https:\/\/renegadehotel.hu\/de\/wp-json\/wp\/v2\/pages\/258\/revisions\/907"}],"wp:attachment":[{"href":"https:\/\/renegadehotel.hu\/de\/wp-json\/wp\/v2\/media?parent=258"}],"curies":[{"name":"wp","href":"https:\/\/api.w.org\/{rel}","templated":true}]}}